{"id":1068,"date":"2025-12-08T06:03:27","date_gmt":"2025-12-08T05:03:27","guid":{"rendered":"https:\/\/camping-jardinbotanique.com\/accommodations\/"},"modified":"2026-01-14T17:04:43","modified_gmt":"2026-01-14T16:04:43","slug":"accommodations","status":"publish","type":"page","link":"https:\/\/camping-jardinbotanique.com\/en\/accommodations\/","title":{"rendered":"Accommodations"},"content":{"rendered":"\t\t<div data-elementor-type=\"wp-page\" data-elementor-id=\"1068\" class=\"elementor elementor-1068 elementor-22\" data-elementor-post-type=\"page\">\n\t\t\t\t<div class=\"elementor-element elementor-element-1428494 e-con-full e-flex e-con e-parent\" data-id=\"1428494\" data-element_type=\"container\">\n\t\t<div class=\"elementor-element elementor-element-d73fe17 e-con-full e-flex e-con e-child\" data-id=\"d73fe17\" data-element_type=\"container\" data-settings=\"{&quot;background_background&quot;:&quot;classic&quot;}\">\n\t\t\t\t<\/div>\n\t\t<div class=\"elementor-element elementor-element-af3ec0d e-con-full animated-slow e-flex elementor-invisible e-con e-child\" data-id=\"af3ec0d\" data-element_type=\"container\" data-settings=\"{&quot;position&quot;:&quot;absolute&quot;,&quot;animation&quot;:&quot;fadeInUp&quot;,&quot;animation_delay&quot;:650}\">\n\t\t\t\t<div class=\"elementor-element elementor-element-002e9ab elementor-widget elementor-widget-heading\" data-id=\"002e9ab\" data-element_type=\"widget\" data-widget_type=\"heading.default\">\n\t\t\t\t\t<div class=\"elementor-heading-title elementor-size-default\">Camping and caravanning pitches<\/div>\t\t\t\t<\/div>\n\t\t\t\t<\/div>\n\t\t\t\t<div class=\"elementor-element elementor-element-f351530 elementor-absolute animated-fast elementor-invisible elementor-widget elementor-widget-image\" data-id=\"f351530\" data-element_type=\"widget\" data-settings=\"{&quot;_position&quot;:&quot;absolute&quot;,&quot;_animation&quot;:&quot;fadeInUp&quot;,&quot;_animation_delay&quot;:1200}\" data-widget_type=\"image.default\">\n\t\t\t\t\t\t\t\t\t\t\t\t\t\t\t\t<a href=\"tel:02.47.30.13.50\">\n\t\t\t\t\t\t\t<img decoding=\"async\" width=\"150\" height=\"150\" src=\"https:\/\/camping-jardinbotanique.com\/wp-content\/uploads\/2025\/12\/iconesjardin-botanique-appel-150x150.png\" class=\"attachment-thumbnail size-thumbnail wp-image-1031\" alt=\"\" srcset=\"https:\/\/camping-jardinbotanique.com\/wp-content\/uploads\/2025\/12\/iconesjardin-botanique-appel-150x150.png 150w, https:\/\/camping-jardinbotanique.com\/wp-content\/uploads\/2025\/12\/iconesjardin-botanique-appel-300x300.png 300w, https:\/\/camping-jardinbotanique.com\/wp-content\/uploads\/2025\/12\/iconesjardin-botanique-appel-1024x1024.png 1024w, https:\/\/camping-jardinbotanique.com\/wp-content\/uploads\/2025\/12\/iconesjardin-botanique-appel-768x768.png 768w, https:\/\/camping-jardinbotanique.com\/wp-content\/uploads\/2025\/12\/iconesjardin-botanique-appel-1536x1536.png 1536w, https:\/\/camping-jardinbotanique.com\/wp-content\/uploads\/2025\/12\/iconesjardin-botanique-appel.png 1956w\" sizes=\"(max-width: 150px) 100vw, 150px\" \/>\t\t\t\t\t\t\t\t<\/a>\n\t\t\t\t\t\t\t\t\t\t\t\t\t\t\t<\/div>\n\t\t\t\t<\/div>\n\t\t<div class=\"elementor-element elementor-element-2fa1550 e-flex e-con-boxed e-con e-parent\" data-id=\"2fa1550\" data-element_type=\"container\">\n\t\t\t\t\t<div class=\"e-con-inner\">\n\t\t<div class=\"elementor-element elementor-element-c188450 e-flex e-con-boxed e-con e-child\" data-id=\"c188450\" data-element_type=\"container\">\n\t\t\t\t\t<div class=\"e-con-inner\">\n\t\t\t\t<div class=\"elementor-element elementor-element-d0be18f elementor-widget elementor-widget-html\" data-id=\"d0be18f\" data-element_type=\"widget\" data-widget_type=\"html.default\">\n\t\t\t\t\t<ctv-product data-product-id=\"85624\" data-full=\"true\"><\/ctv-product>\t\t\t\t<\/div>\n\t\t\t\t\t<\/div>\n\t\t\t\t<\/div>\n\t\t<div class=\"elementor-element elementor-element-22fc91b e-con-full e-flex e-con e-child\" data-id=\"22fc91b\" data-element_type=\"container\">\n\t\t\t\t<div class=\"elementor-element elementor-element-6226b08 elementor-widget elementor-widget-html\" data-id=\"6226b08\" data-element_type=\"widget\" data-widget_type=\"html.default\">\n\t\t\t\t\t<ctv-product data-product-id=\"85866\" data-full=\"true\"><\/ctv-product>\t\t\t\t<\/div>\n\t\t\t\t<\/div>\n\t\t<div class=\"elementor-element elementor-element-06ced1b e-con-full e-flex e-con e-child\" data-id=\"06ced1b\" data-element_type=\"container\">\n\t\t\t\t<div class=\"elementor-element elementor-element-0ee5556 elementor-widget elementor-widget-html\" data-id=\"0ee5556\" data-element_type=\"widget\" data-widget_type=\"html.default\">\n\t\t\t\t\t<ctv-product data-product-id=\"136265\" data-full=\"true\"><\/ctv-product>\t\t\t\t<\/div>\n\t\t\t\t<\/div>\n\t\t<div class=\"elementor-element elementor-element-9c73ab8 e-con-full e-flex e-con e-child\" data-id=\"9c73ab8\" data-element_type=\"container\">\n\t\t\t\t<div class=\"elementor-element elementor-element-c8245f2 elementor-widget elementor-widget-html\" data-id=\"c8245f2\" data-element_type=\"widget\" data-widget_type=\"html.default\">\n\t\t\t\t\t<ctv-product data-product-id=\"142938\" data-full=\"true\"><\/ctv-product>\t\t\t\t<\/div>\n\t\t\t\t<\/div>\n\t\t<div class=\"elementor-element elementor-element-8938cbb e-con-full e-flex e-con e-child\" data-id=\"8938cbb\" data-element_type=\"container\">\n\t\t\t\t<div class=\"elementor-element elementor-element-2836425 elementor-widget elementor-widget-html\" data-id=\"2836425\" data-element_type=\"widget\" data-widget_type=\"html.default\">\n\t\t\t\t\t<ctv-product data-product-id=\"143316\" data-full=\"true\"><\/ctv-product>\t\t\t\t<\/div>\n\t\t\t\t<\/div>\n\t\t<div class=\"elementor-element elementor-element-0635c68 e-con-full e-flex e-con e-child\" data-id=\"0635c68\" data-element_type=\"container\">\n\t\t\t\t<div class=\"elementor-element elementor-element-ff9169f elementor-widget elementor-widget-html\" data-id=\"ff9169f\" data-element_type=\"widget\" data-widget_type=\"html.default\">\n\t\t\t\t\t<ctv-product data-product-id=\"145509\" data-full=\"true\"><\/ctv-product>\t\t\t\t<\/div>\n\t\t\t\t<\/div>\n\t\t<div class=\"elementor-element elementor-element-c857e82 e-con-full e-flex e-con e-child\" data-id=\"c857e82\" data-element_type=\"container\">\n\t\t\t\t<div class=\"elementor-element elementor-element-9a26d2c elementor-widget elementor-widget-html\" data-id=\"9a26d2c\" data-element_type=\"widget\" data-widget_type=\"html.default\">\n\t\t\t\t\t<ctv-product data-product-id=\"85622\" data-full=\"true\"><\/ctv-product>\t\t\t\t<\/div>\n\t\t\t\t<\/div>\n\t\t<div class=\"elementor-element elementor-element-77df51a e-con-full e-flex e-con e-child\" data-id=\"77df51a\" data-element_type=\"container\">\n\t\t\t\t<div class=\"elementor-element elementor-element-663e3bc elementor-widget elementor-widget-html\" data-id=\"663e3bc\" data-element_type=\"widget\" data-widget_type=\"html.default\">\n\t\t\t\t\t<ctv-product data-product-id=\"85866\" data-full=\"true\"><\/ctv-product>\t\t\t\t<\/div>\n\t\t\t\t<\/div>\n\t\t\t\t\t<\/div>\n\t\t\t\t<\/div>\n\t\t\t\t<\/div>\n\t\t","protected":false},"excerpt":{"rendered":"<p>Camping and caravanning pitches<\/p>\n","protected":false},"author":1,"featured_media":0,"parent":0,"menu_order":0,"comment_status":"closed","ping_status":"closed","template":"","meta":{"footnotes":""},"class_list":["post-1068","page","type-page","status-publish","hentry"],"yoast_head":"<!-- This site is optimized with the Yoast SEO plugin v26.7 - https:\/\/yoast.com\/wordpress\/plugins\/seo\/ -->\n<title>Accommodations - Camping Le Jardin Botanique ***<\/title>\n<meta name=\"description\" content=\"Accommodations\" \/>\n<meta name=\"robots\" content=\"index, follow, max-snippet:-1, max-image-preview:large, max-video-preview:-1\" \/>\n<link rel=\"canonical\" href=\"https:\/\/camping-jardinbotanique.com\/hebergements\/\" \/>\n<meta property=\"og:locale\" content=\"en_US\" \/>\n<meta property=\"og:type\" content=\"article\" \/>\n<meta property=\"og:title\" content=\"Accommodations - Camping Le Jardin Botanique ***\" \/>\n<meta property=\"og:description\" content=\"Accommodations\" \/>\n<meta property=\"og:url\" content=\"https:\/\/camping-jardinbotanique.com\/hebergements\/\" \/>\n<meta property=\"og:site_name\" content=\"Camping Le Jardin Botanique ***\" \/>\n<meta property=\"article:modified_time\" content=\"2026-01-14T16:04:43+00:00\" \/>\n<meta property=\"og:image\" content=\"https:\/\/camping-jardinbotanique.com\/wp-content\/uploads\/2025\/12\/iconesjardin-botanique-appel.png\" \/>\n\t<meta property=\"og:image:width\" content=\"1956\" \/>\n\t<meta property=\"og:image:height\" content=\"1956\" \/>\n\t<meta property=\"og:image:type\" content=\"image\/png\" \/>\n<meta name=\"twitter:card\" content=\"summary_large_image\" \/>\n<script type=\"application\/ld+json\" class=\"yoast-schema-graph\">{\"@context\":\"https:\/\/schema.org\",\"@graph\":[{\"@type\":\"WebPage\",\"@id\":\"https:\/\/camping-jardinbotanique.com\/hebergements\/\",\"url\":\"https:\/\/camping-jardinbotanique.com\/hebergements\/\",\"name\":\"Accommodations - Camping Le Jardin Botanique ***\",\"isPartOf\":{\"@id\":\"https:\/\/camping-jardinbotanique.com\/#website\"},\"primaryImageOfPage\":{\"@id\":\"https:\/\/camping-jardinbotanique.com\/hebergements\/#primaryimage\"},\"image\":{\"@id\":\"https:\/\/camping-jardinbotanique.com\/hebergements\/#primaryimage\"},\"thumbnailUrl\":\"https:\/\/camping-jardinbotanique.com\/wp-content\/uploads\/2025\/12\/iconesjardin-botanique-appel-150x150.png\",\"datePublished\":\"2025-12-08T05:03:27+00:00\",\"dateModified\":\"2026-01-14T16:04:43+00:00\",\"description\":\"Accommodations\",\"breadcrumb\":{\"@id\":\"https:\/\/camping-jardinbotanique.com\/hebergements\/#breadcrumb\"},\"inLanguage\":\"en-US\",\"potentialAction\":[{\"@type\":\"ReadAction\",\"target\":[\"https:\/\/camping-jardinbotanique.com\/hebergements\/\"]}]},{\"@type\":\"ImageObject\",\"inLanguage\":\"en-US\",\"@id\":\"https:\/\/camping-jardinbotanique.com\/hebergements\/#primaryimage\",\"url\":\"https:\/\/camping-jardinbotanique.com\/wp-content\/uploads\/2025\/12\/iconesjardin-botanique-appel-150x150.png\",\"contentUrl\":\"https:\/\/camping-jardinbotanique.com\/wp-content\/uploads\/2025\/12\/iconesjardin-botanique-appel-150x150.png\"},{\"@type\":\"BreadcrumbList\",\"@id\":\"https:\/\/camping-jardinbotanique.com\/hebergements\/#breadcrumb\",\"itemListElement\":[{\"@type\":\"ListItem\",\"position\":1,\"name\":\"Accueil\",\"item\":\"https:\/\/camping-jardinbotanique.com\/\"},{\"@type\":\"ListItem\",\"position\":2,\"name\":\"Accommodations\"}]},{\"@type\":\"WebSite\",\"@id\":\"https:\/\/camping-jardinbotanique.com\/#website\",\"url\":\"https:\/\/camping-jardinbotanique.com\/\",\"name\":\"Camping Le Jardin Botanique ***\",\"description\":\"Camping 3 \u00e9toiles en plein c\u0153ur des Ch\u00e2teaux de la Loire\",\"publisher\":{\"@id\":\"https:\/\/camping-jardinbotanique.com\/#organization\"},\"potentialAction\":[{\"@type\":\"SearchAction\",\"target\":{\"@type\":\"EntryPoint\",\"urlTemplate\":\"https:\/\/camping-jardinbotanique.com\/?s={search_term_string}\"},\"query-input\":{\"@type\":\"PropertyValueSpecification\",\"valueRequired\":true,\"valueName\":\"search_term_string\"}}],\"inLanguage\":\"en-US\"},{\"@type\":\"Organization\",\"@id\":\"https:\/\/camping-jardinbotanique.com\/#organization\",\"name\":\"Camping Le Jardin Botanique ***\",\"url\":\"https:\/\/camping-jardinbotanique.com\/\",\"logo\":{\"@type\":\"ImageObject\",\"inLanguage\":\"en-US\",\"@id\":\"https:\/\/camping-jardinbotanique.com\/#\/schema\/logo\/image\/\",\"url\":\"https:\/\/camping-jardinbotanique.com\/wp-content\/uploads\/2025\/12\/logo2-jardinbotanique-base-scaled.png\",\"contentUrl\":\"https:\/\/camping-jardinbotanique.com\/wp-content\/uploads\/2025\/12\/logo2-jardinbotanique-base-scaled.png\",\"width\":2560,\"height\":475,\"caption\":\"Camping Le Jardin Botanique ***\"},\"image\":{\"@id\":\"https:\/\/camping-jardinbotanique.com\/#\/schema\/logo\/image\/\"}}]}<\/script>\n<!-- \/ Yoast SEO plugin. -->","yoast_head_json":{"title":"Accommodations - Camping Le Jardin Botanique ***","description":"Accommodations","robots":{"index":"index","follow":"follow","max-snippet":"max-snippet:-1","max-image-preview":"max-image-preview:large","max-video-preview":"max-video-preview:-1"},"canonical":"https:\/\/camping-jardinbotanique.com\/hebergements\/","og_locale":"en_US","og_type":"article","og_title":"Accommodations - Camping Le Jardin Botanique ***","og_description":"Accommodations","og_url":"https:\/\/camping-jardinbotanique.com\/hebergements\/","og_site_name":"Camping Le Jardin Botanique ***","article_modified_time":"2026-01-14T16:04:43+00:00","og_image":[{"width":1956,"height":1956,"url":"https:\/\/camping-jardinbotanique.com\/wp-content\/uploads\/2025\/12\/iconesjardin-botanique-appel.png","type":"image\/png"}],"twitter_card":"summary_large_image","schema":{"@context":"https:\/\/schema.org","@graph":[{"@type":"WebPage","@id":"https:\/\/camping-jardinbotanique.com\/hebergements\/","url":"https:\/\/camping-jardinbotanique.com\/hebergements\/","name":"Accommodations - Camping Le Jardin Botanique ***","isPartOf":{"@id":"https:\/\/camping-jardinbotanique.com\/#website"},"primaryImageOfPage":{"@id":"https:\/\/camping-jardinbotanique.com\/hebergements\/#primaryimage"},"image":{"@id":"https:\/\/camping-jardinbotanique.com\/hebergements\/#primaryimage"},"thumbnailUrl":"https:\/\/camping-jardinbotanique.com\/wp-content\/uploads\/2025\/12\/iconesjardin-botanique-appel-150x150.png","datePublished":"2025-12-08T05:03:27+00:00","dateModified":"2026-01-14T16:04:43+00:00","description":"Accommodations","breadcrumb":{"@id":"https:\/\/camping-jardinbotanique.com\/hebergements\/#breadcrumb"},"inLanguage":"en-US","potentialAction":[{"@type":"ReadAction","target":["https:\/\/camping-jardinbotanique.com\/hebergements\/"]}]},{"@type":"ImageObject","inLanguage":"en-US","@id":"https:\/\/camping-jardinbotanique.com\/hebergements\/#primaryimage","url":"https:\/\/camping-jardinbotanique.com\/wp-content\/uploads\/2025\/12\/iconesjardin-botanique-appel-150x150.png","contentUrl":"https:\/\/camping-jardinbotanique.com\/wp-content\/uploads\/2025\/12\/iconesjardin-botanique-appel-150x150.png"},{"@type":"BreadcrumbList","@id":"https:\/\/camping-jardinbotanique.com\/hebergements\/#breadcrumb","itemListElement":[{"@type":"ListItem","position":1,"name":"Accueil","item":"https:\/\/camping-jardinbotanique.com\/"},{"@type":"ListItem","position":2,"name":"Accommodations"}]},{"@type":"WebSite","@id":"https:\/\/camping-jardinbotanique.com\/#website","url":"https:\/\/camping-jardinbotanique.com\/","name":"Camping Le Jardin Botanique ***","description":"Camping 3 \u00e9toiles en plein c\u0153ur des Ch\u00e2teaux de la Loire","publisher":{"@id":"https:\/\/camping-jardinbotanique.com\/#organization"},"potentialAction":[{"@type":"SearchAction","target":{"@type":"EntryPoint","urlTemplate":"https:\/\/camping-jardinbotanique.com\/?s={search_term_string}"},"query-input":{"@type":"PropertyValueSpecification","valueRequired":true,"valueName":"search_term_string"}}],"inLanguage":"en-US"},{"@type":"Organization","@id":"https:\/\/camping-jardinbotanique.com\/#organization","name":"Camping Le Jardin Botanique ***","url":"https:\/\/camping-jardinbotanique.com\/","logo":{"@type":"ImageObject","inLanguage":"en-US","@id":"https:\/\/camping-jardinbotanique.com\/#\/schema\/logo\/image\/","url":"https:\/\/camping-jardinbotanique.com\/wp-content\/uploads\/2025\/12\/logo2-jardinbotanique-base-scaled.png","contentUrl":"https:\/\/camping-jardinbotanique.com\/wp-content\/uploads\/2025\/12\/logo2-jardinbotanique-base-scaled.png","width":2560,"height":475,"caption":"Camping Le Jardin Botanique ***"},"image":{"@id":"https:\/\/camping-jardinbotanique.com\/#\/schema\/logo\/image\/"}}]}},"_links":{"self":[{"href":"https:\/\/camping-jardinbotanique.com\/en\/wp-json\/wp\/v2\/pages\/1068","targetHints":{"allow":["GET"]}}],"collection":[{"href":"https:\/\/camping-jardinbotanique.com\/en\/wp-json\/wp\/v2\/pages"}],"about":[{"href":"https:\/\/camping-jardinbotanique.com\/en\/wp-json\/wp\/v2\/types\/page"}],"author":[{"embeddable":true,"href":"https:\/\/camping-jardinbotanique.com\/en\/wp-json\/wp\/v2\/users\/1"}],"replies":[{"embeddable":true,"href":"https:\/\/camping-jardinbotanique.com\/en\/wp-json\/wp\/v2\/comments?post=1068"}],"version-history":[{"count":1,"href":"https:\/\/camping-jardinbotanique.com\/en\/wp-json\/wp\/v2\/pages\/1068\/revisions"}],"predecessor-version":[{"id":1069,"href":"https:\/\/camping-jardinbotanique.com\/en\/wp-json\/wp\/v2\/pages\/1068\/revisions\/1069"}],"wp:attachment":[{"href":"https:\/\/camping-jardinbotanique.com\/en\/wp-json\/wp\/v2\/media?parent=1068"}],"curies":[{"name":"wp","href":"https:\/\/api.w.org\/{rel}","templated":true}]}}